{"id":63,"date":"2012-02-24T02:44:16","date_gmt":"2012-02-24T02:44:16","guid":{"rendered":"http:\/\/www.fabiodomingos.com\/?page_id=63"},"modified":"2024-05-01T01:37:19","modified_gmt":"2024-05-01T01:37:19","slug":"acerca-de-mim","status":"publish","type":"page","link":"https:\/\/www.fabiodomingos.com\/?page_id=63","title":{"rendered":"Acerca de mim"},"content":{"rendered":"<p>Ol\u00e1, o meu nome \u00e9 F\u00e1bio Domingos e vivo perto da Moita, no Distrito de Set\u00fabal.<\/p>\n<p>Sou licenciado em Gest\u00e3o de Sistemas de Informa\u00e7\u00e3o pela Escola Superior de Ci\u00eancias Empresariais do Instituto Polit\u00e9cnico de Set\u00fabal e atualmente trabalho como programador .NET numa empresa da \u00e1rea financeira.<\/p>\n","protected":false},"excerpt":{"rendered":"<p>Ol\u00e1, o meu nome \u00e9 F\u00e1bio Domingos e vivo perto da Moita, no Distrito de Set\u00fabal. Sou licenciado em Gest\u00e3o de Sistemas de Informa\u00e7\u00e3o pela Escola Superior de Ci\u00eancias Empresariais do Instituto Polit\u00e9cnico de Set\u00fabal e atualmente trabalho como programador .NET numa empresa da \u00e1rea financeira.<\/p>\n","protected":false},"author":1,"featured_media":0,"parent":0,"menu_order":0,"comment_status":"open","ping_status":"open","template":"","meta":{"iawp_total_views":34,"footnotes":""},"class_list":["post-63","page","type-page","status-publish"],"_links":{"self":[{"href":"https:\/\/www.fabiodomingos.com\/index.php?rest_route=\/wp\/v2\/pages\/63","targetHints":{"allow":["GET"]}}],"collection":[{"href":"https:\/\/www.fabiodomingos.com\/index.php?rest_route=\/wp\/v2\/pages"}],"about":[{"href":"https:\/\/www.fabiodomingos.com\/index.php?rest_route=\/wp\/v2\/types\/page"}],"author":[{"embeddable":true,"href":"https:\/\/www.fabiodomingos.com\/index.php?rest_route=\/wp\/v2\/users\/1"}],"replies":[{"embeddable":true,"href":"https:\/\/www.fabiodomingos.com\/index.php?rest_route=%2Fwp%2Fv2%2Fcomments&post=63"}],"version-history":[{"count":8,"href":"https:\/\/www.fabiodomingos.com\/index.php?rest_route=\/wp\/v2\/pages\/63\/revisions"}],"predecessor-version":[{"id":888,"href":"https:\/\/www.fabiodomingos.com\/index.php?rest_route=\/wp\/v2\/pages\/63\/revisions\/888"}],"wp:attachment":[{"href":"https:\/\/www.fabiodomingos.com\/index.php?rest_route=%2Fwp%2Fv2%2Fmedia&parent=63"}],"curies":[{"name":"wp","href":"https:\/\/api.w.org\/{rel}","templated":true}]}}