{"id":65,"date":"2012-02-24T02:45:09","date_gmt":"2012-02-24T02:45:09","guid":{"rendered":"http:\/\/www.fabiodomingos.com\/?page_id=65"},"modified":"2013-04-24T03:22:10","modified_gmt":"2013-04-24T03:22:10","slug":"o-que-eu-uso","status":"publish","type":"page","link":"https:\/\/www.fabiodomingos.com\/?page_id=65","title":{"rendered":"O que eu uso"},"content":{"rendered":"<p>\u00daltima Atualiza\u00e7\u00e3o: 14 de Abril de 2013<\/p>\n<p>Houve algumas mudan\u00e7as, principalmente a minha mudan\u00e7a do iTunes para o Spotify ap\u00f3s 10 anos de exclusividade.<\/p>\n<p><strong>Computadores<\/strong><\/p>\n<p>Em termos de computadores, uso os seguintes equipamentos:<\/p>\n<p><strong>Desktop Core2Quad Q6600<\/strong><\/p>\n<p>Comprado em 2007, e com um upgrade em 2009, ap\u00f3s a mudan\u00e7a da motherboard por avaria, tem-se portado bastante bem:<\/p>\n<ul>\n<li>Motherboard:Gigabyte GA-G41M-Combo;<\/li>\n<li>Processador: Intel Core2Quad Q6600;<\/li>\n<li>Mem\u00f3ria: 8 GB DDR3 1600 Kingston Hyperx;<\/li>\n<li>Disco R\u00edgido: Samsung Sata II 500 GB;<\/li>\n<li>Placa Gr\u00e1fica: Powercolor ATI Radeon HD5770 pcs+<\/li>\n<\/ul>\n<p>Em termos de discos externos, neste momento apenas uso o Western Digital com 320 GB.<\/p>\n<p><strong>Macbook Unibody Late 2008 13&#8243;<\/strong><\/p>\n<p>\u00c9 o meu port\u00e1til principal, comprei-o em 2009, e apesar de alguns problemas menores, continua a fazer o seu trabalho de forma\u00a0irrepreens\u00edvel:<\/p>\n<ul>\n<li>Processador: Intel Core2Duo 2.4 Ghz;<\/li>\n<li>Mem\u00f3ria: 4 GB DDR 1066mhz;<\/li>\n<li>Placa Gr\u00e1fica: NVIDIA Geforce 9400M 256 MB;<\/li>\n<li>Disco R\u00edgido: 250 GB.<\/li>\n<\/ul>\n<p>Gosto bastante deste port\u00e1til, e o facto de ter uma bateria remov\u00edvel ao contr\u00e1rio dos Macbook&#8217;s mais recentes, faz com que goste ainda mais dele.<\/p>\n<p><strong>Telem\u00f3vel<\/strong><\/p>\n<p>O meu telem\u00f3vel, \u00e9 um iPhone 4S com 16 GB, ap\u00f3s uma muito m\u00e1 experi\u00eancia com um Samsung Galaxy Spica, um horror de telem\u00f3vel, decidi investir mais e comprar uma coisa decente. Apesar de hoje em dia haver excelentes alternativas e com bons pre\u00e7os.<\/p>\n<p><strong>Software<\/strong><\/p>\n<p><strong>Sistema Operativo<\/strong><\/p>\n<p>No Macbook utilizo um dual boot entre Mac OS X Mountain e Windows 8 Pro, no Desktop uso apenas este \u00faltimo.<\/p>\n<p>Utilizo tamb\u00e9m atrav\u00e9s de virtualiza\u00e7\u00e3o v\u00e1rias distribui\u00e7\u00f5es de Linux, sendo as que uso mais o Mint e o Ubuntu.<\/p>\n<p><strong>Produtividade<\/strong><\/p>\n<p>Para produtividade utilizo o Microsoft Office 2010, principalmente o Microsoft Word, para mim o melhor processador de texto, acho a vers\u00e3o Mac bastante inferior, nomeadamente ao n\u00edvel das cita\u00e7\u00f5es, uma funcionalidade que para mim, pelo menos por agora, \u00e9 bastante importante.<\/p>\n<p>Para sincronizar os meus ficheiros entre os v\u00e1rios computadores e dispositivos, utilizo uma conta gratuita do Dropbox com cerca de 33 GB conseguidos atrav\u00e9s da distribui\u00e7\u00e3o de convites, resolu\u00e7\u00e3o das v\u00e1rias droquests que t\u00eam aparecido por a\u00ed e recentemente atrav\u00e9s da campanha Space Race.<\/p>\n<p>Para al\u00e9m dos 25 GB do SkyDrive, recentemente passei tamb\u00e9m a utilizar o CloudPT e recomendo sem qualquer d\u00favida.<\/p>\n<p>Tamb\u00e9m utilizo o ommwriter dana ii (vers\u00e3o paga), para escrever sem distra\u00e7\u00f5es, acreditem a minha produtividade aumentou bastante.<\/p>\n<p><strong>Desenvolvimento<\/strong><\/p>\n<p>Relativamente ao desenvolvimento, utilizo o Microsoft Visual Studio 2012 Professional, que a Microsoft gentilmente oferece aos estudantes universit\u00e1rios atrav\u00e9s do Dreamspark, e que uso para aprendizagem bem como para os projetos da universidade.<\/p>\n<p>Para desenvolvimento Web, utilizo sobretudo PHP+mysql, como servidor utilizo o xampp lite, para escrever o c\u00f3digo, uso o IDE Netbeans, f\u00e1cil de usar e com funcionalidades bastante \u00fateis.<\/p>\n<p>Quanto a modela\u00e7\u00e3o, utilizo normalmente o Visual Paradigm Community Edition, que \u00e9 gratuito e faz a grande maioria dos modelos que preciso, apesar de recentemente estar a usar mais o cl\u00e1ssico conjunto papel e l\u00e1pis ou caneta conforme o que estiver \u00e0 disposi\u00e7\u00e3o.<\/p>\n<p>Utilizo tamb\u00e9m v\u00e1rios sistemas de gest\u00e3o de bases de dados, como o Microsoft Access e o MS SQL Server Express Edition dependendo dos trabalhos que me pedem.<\/p>\n<p><strong>Multimedia<\/strong><\/p>\n<p>Ap\u00f3s muitos anos a utilizar o iTunes, desde que saiu o Spotify em Portugal n\u00e3o quero outra coisa, pago por uma conta Spotify Unlimited, est\u00e1 simplesmente excelente! Neste momento apenas uso o iTunes para gerir os meus podcasts.<\/p>\n<p>Quanto aos v\u00eddeos, VLC, abre tudo o que quero, suporta legendas, possui um grande manancial de funcionalidades, para mim um programa 5*.<\/p>\n<p>Por vezes, quando necessito de fazer convers\u00f5es, utilizo os excelentes e gratuitos Handbrake e Freemake Video Converter, fazem tudo o que preciso de uma forma bastante eficaz, apesar de por vezes dar alguns problemas menores, mas que tudo se resolve.<\/p>\n<p>Passei a usar o Adobe Photoshop Elements 11 para editar as fotografias, sendo que para organiz\u00e1-las uso o Organizer que vem inclu\u00eddo com este programa.<\/p>\n<p>Utilizo tamb\u00e9m, para fazer alguns trabalhos de desenho simples, o Serif Draw Plus, foi barato (25 euros numa promo\u00e7\u00e3o) e tem-se portado bastante bem, para pagina\u00e7\u00e3o o excelente Publisher cumpre o seu trabalho com distin\u00e7\u00e3o.<\/p>\n<p><strong>Divers\u00e3o<\/strong><\/p>\n<p>Ultimamente, em termos de jogos, tenho recorrido apenas a jogos Indie, adquiridos na sua maioria atrav\u00e9s dos Humble Bundles que por a\u00ed t\u00eam aparecido.<\/p>\n<p><strong>Wishlist<\/strong><\/p>\n<p>Eis os meus objetivos futuros em termos inform\u00e1ticos:<\/p>\n<p>&#8211; Fazer o upgrade do Office 2010 para o 365;<\/p>\n<p>&#8211; Aprender a utilizar o Wolfram Mathematica;<\/p>\n<p>&#8211; Continuar a expandir os conhecimentos de programa\u00e7\u00e3o;<\/p>\n<p><strong>Dreams<\/strong><\/p>\n<p>Aqui, n\u00e3o h\u00e1 limites.<\/p>\n<p>&#8211; Ter um Core i7 com 16 GB de Ram, um SSD de 500 GB e uma placa gr\u00e1fica s\u00e9rie HD7XXXX da ATI com uns 2 GB de ram, tudo isto sem emitir barulho.<\/p>\n","protected":false},"excerpt":{"rendered":"<p>\u00daltima Atualiza\u00e7\u00e3o: 14 de Abril de 2013 Houve algumas mudan\u00e7as, principalmente a minha mudan\u00e7a do iTunes para o Spotify ap\u00f3s 10 anos de exclusividade. Computadores Em termos de computadores, uso os seguintes equipamentos: Desktop Core2Quad Q6600 Comprado em 2007, e com um upgrade em 2009, ap\u00f3s a mudan\u00e7a da motherboard por avaria, tem-se portado bastante &#8230; <a title=\"O que eu uso\" class=\"read-more\" href=\"https:\/\/www.fabiodomingos.com\/?page_id=65\" aria-label=\"Leia mais sobre O que eu uso\">Ler mais<\/a><\/p>\n","protected":false},"author":1,"featured_media":0,"parent":0,"menu_order":0,"comment_status":"open","ping_status":"open","template":"","meta":{"iawp_total_views":17,"footnotes":""},"class_list":["post-65","page","type-page","status-publish"],"_links":{"self":[{"href":"https:\/\/www.fabiodomingos.com\/index.php?rest_route=\/wp\/v2\/pages\/65","targetHints":{"allow":["GET"]}}],"collection":[{"href":"https:\/\/www.fabiodomingos.com\/index.php?rest_route=\/wp\/v2\/pages"}],"about":[{"href":"https:\/\/www.fabiodomingos.com\/index.php?rest_route=\/wp\/v2\/types\/page"}],"author":[{"embeddable":true,"href":"https:\/\/www.fabiodomingos.com\/index.php?rest_route=\/wp\/v2\/users\/1"}],"replies":[{"embeddable":true,"href":"https:\/\/www.fabiodomingos.com\/index.php?rest_route=%2Fwp%2Fv2%2Fcomments&post=65"}],"version-history":[{"count":10,"href":"https:\/\/www.fabiodomingos.com\/index.php?rest_route=\/wp\/v2\/pages\/65\/revisions"}],"predecessor-version":[{"id":95,"href":"https:\/\/www.fabiodomingos.com\/index.php?rest_route=\/wp\/v2\/pages\/65\/revisions\/95"}],"wp:attachment":[{"href":"https:\/\/www.fabiodomingos.com\/index.php?rest_route=%2Fwp%2Fv2%2Fmedia&parent=65"}],"curies":[{"name":"wp","href":"https:\/\/api.w.org\/{rel}","templated":true}]}}